{"id":9232,"date":"2017-11-14T14:55:25","date_gmt":"2017-11-14T12:55:25","guid":{"rendered":"https:\/\/www.hobenool.eu\/kaigukasti-hooldus-ja-dunaamiline-olivahetus\/"},"modified":"2019-10-18T15:20:01","modified_gmt":"2019-10-18T12:20:01","slug":"obsluzhivaniye-i-dinamicheskaya-zamena-masla","status":"publish","type":"page","link":"https:\/\/www.hobenool.eu\/ru\/obsluzhivaniye-i-dinamicheskaya-zamena-masla\/","title":{"rendered":"\u041e\u0431\u0441\u043b\u0443\u0436\u0438\u0432\u0430\u043d\u0438\u0435 \u043a\u043e\u0440\u043e\u0431\u043e\u043a \u043f\u0435\u0440\u0435\u0434\u0430\u0447 \u0438 \u0434\u0438\u043d\u0430\u043c\u0438\u0447\u0435\u0441\u043a\u0430\u044f \u0437\u0430\u043c\u0435\u043d\u0430 \u043c\u0430\u0441\u043b\u0430"},"content":{"rendered":"","protected":false},"excerpt":{"rendered":"\n<p class=\"read-more-paragraph\"><a href=\"https:\/\/www.hobenool.eu\/ru\/obsluzhivaniye-i-dinamicheskaya-zamena-masla\/\" class=\"read-more-link\">\u0427\u0438\u0442\u0430\u0442\u044c \u0434\u0430\u043b\u044c\u0448\u0435<\/a><\/p>\n","protected":false},"author":2,"featured_media":0,"parent":0,"menu_order":20,"comment_status":"closed","ping_status":"closed","template":"","meta":{"_acf_changed":false,"inline_featured_image":false,"footnotes":""},"class_list":["post-9232","page","type-page","status-publish","hentry"],"acf":[],"yoast_head":"<!-- This site is optimized with the Yoast SEO plugin v23.3 - https:\/\/yoast.com\/wordpress\/plugins\/seo\/ -->\n<title>\u041e\u0431\u0441\u043b\u0443\u0436\u0438\u0432\u0430\u043d\u0438\u0435 \u043a\u043e\u0440\u043e\u0431\u043e\u043a \u043f\u0435\u0440\u0435\u0434\u0430\u0447 \u0438 \u0434\u0438\u043d\u0430\u043c\u0438\u0447\u0435\u0441\u043a\u0430\u044f \u0437\u0430\u043c\u0435\u043d\u0430 \u043c\u0430\u0441\u043b\u0430<\/title>\n<meta name=\"description\" content=\"\u0418\u043c\u0435\u044f \u043e\u043f\u044b\u0442 \u043e\u0431\u0441\u043b\u0443\u0436\u0438\u0432\u0430\u043d\u0438\u044f A\u0410\u041a\u041f \u0431\u043e\u043b\u0435\u0435 7000 \u0430\u0432\u0442\u043e\u043c\u0430\u0448\u0438\u043d, \u0432\u044b\u0440\u043e\u0431\u043e\u0442\u0430\u043b\u0438 \u0441\u0432\u043e\u0439 \u043c\u0435\u0442\u043e\u0434 \u0434\u0438\u043d\u0430\u043c\u0438\u0447\u0435\u0441\u043a\u043e\u0433\u043e \u0437\u0430\u043c\u0435\u043d\u0430 \u043c\u0430\u0441\u043b\u0430, \u043a\u043e\u0442\u043e\u0440\u044b\u0439 \u043e\u0431\u0435\u0441\u043f\u0435\u0447\u0438\u0432\u0430\u0435\u0442 \u043d\u0430\u0438\u043b\u0443\u0447\u0448\u0435\u0435 \u043a\u0430\u0447\u0435\u0441\u0442\u0432\u043e.\" \/>\n<meta name=\"robots\" content=\"index, follow, max-snippet:-1, max-image-preview:large, max-video-preview:-1\" \/>\n<link rel=\"canonical\" href=\"https:\/\/www.hobenool.eu\/ru\/obsluzhivaniye-i-dinamicheskaya-zamena-masla\/\" \/>\n<meta property=\"og:locale\" content=\"ru_RU\" \/>\n<meta property=\"og:type\" content=\"article\" \/>\n<meta property=\"og:title\" content=\"\u041e\u0431\u0441\u043b\u0443\u0436\u0438\u0432\u0430\u043d\u0438\u0435 \u043a\u043e\u0440\u043e\u0431\u043e\u043a \u043f\u0435\u0440\u0435\u0434\u0430\u0447 \u0438 \u0434\u0438\u043d\u0430\u043c\u0438\u0447\u0435\u0441\u043a\u0430\u044f \u0437\u0430\u043c\u0435\u043d\u0430 \u043c\u0430\u0441\u043b\u0430\" \/>\n<meta property=\"og:description\" content=\"\u0418\u043c\u0435\u044f \u043e\u043f\u044b\u0442 \u043e\u0431\u0441\u043b\u0443\u0436\u0438\u0432\u0430\u043d\u0438\u044f A\u0410\u041a\u041f \u0431\u043e\u043b\u0435\u0435 7000 \u0430\u0432\u0442\u043e\u043c\u0430\u0448\u0438\u043d, \u0432\u044b\u0440\u043e\u0431\u043e\u0442\u0430\u043b\u0438 \u0441\u0432\u043e\u0439 \u043c\u0435\u0442\u043e\u0434 \u0434\u0438\u043d\u0430\u043c\u0438\u0447\u0435\u0441\u043a\u043e\u0433\u043e \u0437\u0430\u043c\u0435\u043d\u0430 \u043c\u0430\u0441\u043b\u0430, \u043a\u043e\u0442\u043e\u0440\u044b\u0439 \u043e\u0431\u0435\u0441\u043f\u0435\u0447\u0438\u0432\u0430\u0435\u0442 \u043d\u0430\u0438\u043b\u0443\u0447\u0448\u0435\u0435 \u043a\u0430\u0447\u0435\u0441\u0442\u0432\u043e.\" \/>\n<meta property=\"og:url\" content=\"https:\/\/www.hobenool.eu\/ru\/obsluzhivaniye-i-dinamicheskaya-zamena-masla\/\" \/>\n<meta property=\"og:site_name\" content=\"H\u00f5benool\" \/>\n<meta property=\"article:modified_time\" content=\"2019-10-18T12:20:01+00:00\" \/>\n<meta name=\"twitter:card\" content=\"summary_large_image\" \/>\n<script type=\"application\/ld+json\" class=\"yoast-schema-graph\">{\"@context\":\"https:\/\/schema.org\",\"@graph\":[{\"@type\":\"WebPage\",\"@id\":\"https:\/\/www.hobenool.eu\/ru\/obsluzhivaniye-i-dinamicheskaya-zamena-masla\/\",\"url\":\"https:\/\/www.hobenool.eu\/ru\/obsluzhivaniye-i-dinamicheskaya-zamena-masla\/\",\"name\":\"\u041e\u0431\u0441\u043b\u0443\u0436\u0438\u0432\u0430\u043d\u0438\u0435 \u043a\u043e\u0440\u043e\u0431\u043e\u043a \u043f\u0435\u0440\u0435\u0434\u0430\u0447 \u0438 \u0434\u0438\u043d\u0430\u043c\u0438\u0447\u0435\u0441\u043a\u0430\u044f \u0437\u0430\u043c\u0435\u043d\u0430 \u043c\u0430\u0441\u043b\u0430\",\"isPartOf\":{\"@id\":\"https:\/\/www.hobenool.eu\/#website\"},\"datePublished\":\"2017-11-14T12:55:25+00:00\",\"dateModified\":\"2019-10-18T12:20:01+00:00\",\"description\":\"\u0418\u043c\u0435\u044f \u043e\u043f\u044b\u0442 \u043e\u0431\u0441\u043b\u0443\u0436\u0438\u0432\u0430\u043d\u0438\u044f A\u0410\u041a\u041f \u0431\u043e\u043b\u0435\u0435 7000 \u0430\u0432\u0442\u043e\u043c\u0430\u0448\u0438\u043d, \u0432\u044b\u0440\u043e\u0431\u043e\u0442\u0430\u043b\u0438 \u0441\u0432\u043e\u0439 \u043c\u0435\u0442\u043e\u0434 \u0434\u0438\u043d\u0430\u043c\u0438\u0447\u0435\u0441\u043a\u043e\u0433\u043e \u0437\u0430\u043c\u0435\u043d\u0430 \u043c\u0430\u0441\u043b\u0430, \u043a\u043e\u0442\u043e\u0440\u044b\u0439 \u043e\u0431\u0435\u0441\u043f\u0435\u0447\u0438\u0432\u0430\u0435\u0442 \u043d\u0430\u0438\u043b\u0443\u0447\u0448\u0435\u0435 \u043a\u0430\u0447\u0435\u0441\u0442\u0432\u043e.\",\"breadcrumb\":{\"@id\":\"https:\/\/www.hobenool.eu\/ru\/obsluzhivaniye-i-dinamicheskaya-zamena-masla\/#breadcrumb\"},\"inLanguage\":\"ru-RU\",\"potentialAction\":[{\"@type\":\"ReadAction\",\"target\":[\"https:\/\/www.hobenool.eu\/ru\/obsluzhivaniye-i-dinamicheskaya-zamena-masla\/\"]}]},{\"@type\":\"BreadcrumbList\",\"@id\":\"https:\/\/www.hobenool.eu\/ru\/obsluzhivaniye-i-dinamicheskaya-zamena-masla\/#breadcrumb\",\"itemListElement\":[{\"@type\":\"ListItem\",\"position\":1,\"name\":\"Home\",\"item\":\"https:\/\/www.hobenool.eu\/ru\/\"},{\"@type\":\"ListItem\",\"position\":2,\"name\":\"\u041e\u0431\u0441\u043b\u0443\u0436\u0438\u0432\u0430\u043d\u0438\u0435 \u043a\u043e\u0440\u043e\u0431\u043e\u043a \u043f\u0435\u0440\u0435\u0434\u0430\u0447 \u0438 \u0434\u0438\u043d\u0430\u043c\u0438\u0447\u0435\u0441\u043a\u0430\u044f \u0437\u0430\u043c\u0435\u043d\u0430 \u043c\u0430\u0441\u043b\u0430\"}]},{\"@type\":\"WebSite\",\"@id\":\"https:\/\/www.hobenool.eu\/#website\",\"url\":\"https:\/\/www.hobenool.eu\/\",\"name\":\"H\u00f5benool\",\"description\":\"Diagnostika, d\u00fcnaamiline \u00f5livahetus, varuosad\",\"potentialAction\":[{\"@type\":\"SearchAction\",\"target\":{\"@type\":\"EntryPoint\",\"urlTemplate\":\"https:\/\/www.hobenool.eu\/?s={search_term_string}\"},\"query-input\":\"required name=search_term_string\"}],\"inLanguage\":\"ru-RU\"}]}<\/script>\n<!-- \/ Yoast SEO plugin. -->","yoast_head_json":{"title":"\u041e\u0431\u0441\u043b\u0443\u0436\u0438\u0432\u0430\u043d\u0438\u0435 \u043a\u043e\u0440\u043e\u0431\u043e\u043a \u043f\u0435\u0440\u0435\u0434\u0430\u0447 \u0438 \u0434\u0438\u043d\u0430\u043c\u0438\u0447\u0435\u0441\u043a\u0430\u044f \u0437\u0430\u043c\u0435\u043d\u0430 \u043c\u0430\u0441\u043b\u0430","description":"\u0418\u043c\u0435\u044f \u043e\u043f\u044b\u0442 \u043e\u0431\u0441\u043b\u0443\u0436\u0438\u0432\u0430\u043d\u0438\u044f A\u0410\u041a\u041f \u0431\u043e\u043b\u0435\u0435 7000 \u0430\u0432\u0442\u043e\u043c\u0430\u0448\u0438\u043d, \u0432\u044b\u0440\u043e\u0431\u043e\u0442\u0430\u043b\u0438 \u0441\u0432\u043e\u0439 \u043c\u0435\u0442\u043e\u0434 \u0434\u0438\u043d\u0430\u043c\u0438\u0447\u0435\u0441\u043a\u043e\u0433\u043e \u0437\u0430\u043c\u0435\u043d\u0430 \u043c\u0430\u0441\u043b\u0430, \u043a\u043e\u0442\u043e\u0440\u044b\u0439 \u043e\u0431\u0435\u0441\u043f\u0435\u0447\u0438\u0432\u0430\u0435\u0442 \u043d\u0430\u0438\u043b\u0443\u0447\u0448\u0435\u0435 \u043a\u0430\u0447\u0435\u0441\u0442\u0432\u043e.","robots":{"index":"index","follow":"follow","max-snippet":"max-snippet:-1","max-image-preview":"max-image-preview:large","max-video-preview":"max-video-preview:-1"},"canonical":"https:\/\/www.hobenool.eu\/ru\/obsluzhivaniye-i-dinamicheskaya-zamena-masla\/","og_locale":"ru_RU","og_type":"article","og_title":"\u041e\u0431\u0441\u043b\u0443\u0436\u0438\u0432\u0430\u043d\u0438\u0435 \u043a\u043e\u0440\u043e\u0431\u043e\u043a \u043f\u0435\u0440\u0435\u0434\u0430\u0447 \u0438 \u0434\u0438\u043d\u0430\u043c\u0438\u0447\u0435\u0441\u043a\u0430\u044f \u0437\u0430\u043c\u0435\u043d\u0430 \u043c\u0430\u0441\u043b\u0430","og_description":"\u0418\u043c\u0435\u044f \u043e\u043f\u044b\u0442 \u043e\u0431\u0441\u043b\u0443\u0436\u0438\u0432\u0430\u043d\u0438\u044f A\u0410\u041a\u041f \u0431\u043e\u043b\u0435\u0435 7000 \u0430\u0432\u0442\u043e\u043c\u0430\u0448\u0438\u043d, \u0432\u044b\u0440\u043e\u0431\u043e\u0442\u0430\u043b\u0438 \u0441\u0432\u043e\u0439 \u043c\u0435\u0442\u043e\u0434 \u0434\u0438\u043d\u0430\u043c\u0438\u0447\u0435\u0441\u043a\u043e\u0433\u043e \u0437\u0430\u043c\u0435\u043d\u0430 \u043c\u0430\u0441\u043b\u0430, \u043a\u043e\u0442\u043e\u0440\u044b\u0439 \u043e\u0431\u0435\u0441\u043f\u0435\u0447\u0438\u0432\u0430\u0435\u0442 \u043d\u0430\u0438\u043b\u0443\u0447\u0448\u0435\u0435 \u043a\u0430\u0447\u0435\u0441\u0442\u0432\u043e.","og_url":"https:\/\/www.hobenool.eu\/ru\/obsluzhivaniye-i-dinamicheskaya-zamena-masla\/","og_site_name":"H\u00f5benool","article_modified_time":"2019-10-18T12:20:01+00:00","twitter_card":"summary_large_image","schema":{"@context":"https:\/\/schema.org","@graph":[{"@type":"WebPage","@id":"https:\/\/www.hobenool.eu\/ru\/obsluzhivaniye-i-dinamicheskaya-zamena-masla\/","url":"https:\/\/www.hobenool.eu\/ru\/obsluzhivaniye-i-dinamicheskaya-zamena-masla\/","name":"\u041e\u0431\u0441\u043b\u0443\u0436\u0438\u0432\u0430\u043d\u0438\u0435 \u043a\u043e\u0440\u043e\u0431\u043e\u043a \u043f\u0435\u0440\u0435\u0434\u0430\u0447 \u0438 \u0434\u0438\u043d\u0430\u043c\u0438\u0447\u0435\u0441\u043a\u0430\u044f \u0437\u0430\u043c\u0435\u043d\u0430 \u043c\u0430\u0441\u043b\u0430","isPartOf":{"@id":"https:\/\/www.hobenool.eu\/#website"},"datePublished":"2017-11-14T12:55:25+00:00","dateModified":"2019-10-18T12:20:01+00:00","description":"\u0418\u043c\u0435\u044f \u043e\u043f\u044b\u0442 \u043e\u0431\u0441\u043b\u0443\u0436\u0438\u0432\u0430\u043d\u0438\u044f A\u0410\u041a\u041f \u0431\u043e\u043b\u0435\u0435 7000 \u0430\u0432\u0442\u043e\u043c\u0430\u0448\u0438\u043d, \u0432\u044b\u0440\u043e\u0431\u043e\u0442\u0430\u043b\u0438 \u0441\u0432\u043e\u0439 \u043c\u0435\u0442\u043e\u0434 \u0434\u0438\u043d\u0430\u043c\u0438\u0447\u0435\u0441\u043a\u043e\u0433\u043e \u0437\u0430\u043c\u0435\u043d\u0430 \u043c\u0430\u0441\u043b\u0430, \u043a\u043e\u0442\u043e\u0440\u044b\u0439 \u043e\u0431\u0435\u0441\u043f\u0435\u0447\u0438\u0432\u0430\u0435\u0442 \u043d\u0430\u0438\u043b\u0443\u0447\u0448\u0435\u0435 \u043a\u0430\u0447\u0435\u0441\u0442\u0432\u043e.","breadcrumb":{"@id":"https:\/\/www.hobenool.eu\/ru\/obsluzhivaniye-i-dinamicheskaya-zamena-masla\/#breadcrumb"},"inLanguage":"ru-RU","potentialAction":[{"@type":"ReadAction","target":["https:\/\/www.hobenool.eu\/ru\/obsluzhivaniye-i-dinamicheskaya-zamena-masla\/"]}]},{"@type":"BreadcrumbList","@id":"https:\/\/www.hobenool.eu\/ru\/obsluzhivaniye-i-dinamicheskaya-zamena-masla\/#breadcrumb","itemListElement":[{"@type":"ListItem","position":1,"name":"Home","item":"https:\/\/www.hobenool.eu\/ru\/"},{"@type":"ListItem","position":2,"name":"\u041e\u0431\u0441\u043b\u0443\u0436\u0438\u0432\u0430\u043d\u0438\u0435 \u043a\u043e\u0440\u043e\u0431\u043e\u043a \u043f\u0435\u0440\u0435\u0434\u0430\u0447 \u0438 \u0434\u0438\u043d\u0430\u043c\u0438\u0447\u0435\u0441\u043a\u0430\u044f \u0437\u0430\u043c\u0435\u043d\u0430 \u043c\u0430\u0441\u043b\u0430"}]},{"@type":"WebSite","@id":"https:\/\/www.hobenool.eu\/#website","url":"https:\/\/www.hobenool.eu\/","name":"H\u00f5benool","description":"Diagnostika, d\u00fcnaamiline \u00f5livahetus, varuosad","potentialAction":[{"@type":"SearchAction","target":{"@type":"EntryPoint","urlTemplate":"https:\/\/www.hobenool.eu\/?s={search_term_string}"},"query-input":"required name=search_term_string"}],"inLanguage":"ru-RU"}]}},"_links":{"self":[{"href":"https:\/\/www.hobenool.eu\/ru\/wp-json\/wp\/v2\/pages\/9232"}],"collection":[{"href":"https:\/\/www.hobenool.eu\/ru\/wp-json\/wp\/v2\/pages"}],"about":[{"href":"https:\/\/www.hobenool.eu\/ru\/wp-json\/wp\/v2\/types\/page"}],"author":[{"embeddable":true,"href":"https:\/\/www.hobenool.eu\/ru\/wp-json\/wp\/v2\/users\/2"}],"replies":[{"embeddable":true,"href":"https:\/\/www.hobenool.eu\/ru\/wp-json\/wp\/v2\/comments?post=9232"}],"version-history":[{"count":0,"href":"https:\/\/www.hobenool.eu\/ru\/wp-json\/wp\/v2\/pages\/9232\/revisions"}],"wp:attachment":[{"href":"https:\/\/www.hobenool.eu\/ru\/wp-json\/wp\/v2\/media?parent=9232"}],"curies":[{"name":"wp","href":"https:\/\/api.w.org\/{rel}","templated":true}]}}