{"id":9229,"date":"2017-11-13T10:05:39","date_gmt":"2017-11-13T08:05:39","guid":{"rendered":"https:\/\/www.hobenool.eu\/teenused\/"},"modified":"2019-10-07T18:20:39","modified_gmt":"2019-10-07T15:20:39","slug":"uslugi","status":"publish","type":"page","link":"https:\/\/www.hobenool.eu\/ru\/uslugi\/","title":{"rendered":"\u0423\u0441\u043b\u0443\u0433\u0438"},"content":{"rendered":"","protected":false},"excerpt":{"rendered":"\n<p class=\"read-more-paragraph\"><a href=\"https:\/\/www.hobenool.eu\/ru\/uslugi\/\" class=\"read-more-link\">\u0427\u0438\u0442\u0430\u0442\u044c \u0434\u0430\u043b\u044c\u0448\u0435<\/a><\/p>\n","protected":false},"author":2,"featured_media":0,"parent":0,"menu_order":10,"comment_status":"closed","ping_status":"closed","template":"page-templates\/tpl-services.php","meta":{"_acf_changed":false,"inline_featured_image":false,"footnotes":""},"class_list":["post-9229","page","type-page","status-publish","hentry"],"acf":[],"yoast_head":"<!-- This site is optimized with the Yoast SEO plugin v23.3 - https:\/\/yoast.com\/wordpress\/plugins\/seo\/ -->\n<title>\u0423\u0441\u043b\u0443\u0433\u0438 \u0434\u043b\u044f A\u0410\u041a\u041f - \u0434\u0438\u0430\u0433\u043d\u043e\u0441\u0442\u0438\u043a\u0430, \u043e\u0431\u0441\u043b\u0443\u0436\u0438\u0432\u0430\u043d\u0438\u0435, \u0440\u0435\u043c\u043e\u043d\u0442.<\/title>\n<meta name=\"description\" content=\"\u041f\u0440\u0435\u0434\u043b\u0430\u0433\u0430\u0435\u043c \u0434\u0438\u0430\u0433\u043d\u043e\u0441\u0442\u0438\u043a\u0443, \u043e\u0431\u0441\u043b\u0443\u0436\u0438\u0432\u0430\u043d\u0438\u0435 \u0438 \u0440\u0435\u043c\u043e\u043d\u0442 A\u0410\u041a\u041f \u043a\u0430\u043a \u0432 \u041a\u0430\u0434\u0440\u0438\u043d\u0430, \u0442\u0430\u043a \u0438 \u0432 \u0422\u0430\u043b\u043b\u0438\u043d\u043d\u0435. \u041f\u0440\u043e\u0447\u0442\u0438 \u0437\u0434\u0435\u0441\u044c \u043f\u043e\u0434\u0440\u043e\u0431\u043d\u0435\u0435 \u043e \u043f\u0440\u0435\u0434\u043b\u0430\u0433\u0430\u0435\u043c\u044b\u0445 \u0443\u0441\u043b\u0443\u0433\u0430\u0445.\" \/>\n<meta name=\"robots\" content=\"index, follow, max-snippet:-1, max-image-preview:large, max-video-preview:-1\" \/>\n<link rel=\"canonical\" href=\"https:\/\/www.hobenool.eu\/ru\/uslugi\/\" \/>\n<meta property=\"og:locale\" content=\"ru_RU\" \/>\n<meta property=\"og:type\" content=\"article\" \/>\n<meta property=\"og:title\" content=\"\u0423\u0441\u043b\u0443\u0433\u0438 \u0434\u043b\u044f A\u0410\u041a\u041f - \u0434\u0438\u0430\u0433\u043d\u043e\u0441\u0442\u0438\u043a\u0430, \u043e\u0431\u0441\u043b\u0443\u0436\u0438\u0432\u0430\u043d\u0438\u0435, \u0440\u0435\u043c\u043e\u043d\u0442.\" \/>\n<meta property=\"og:description\" content=\"\u041f\u0440\u0435\u0434\u043b\u0430\u0433\u0430\u0435\u043c \u0434\u0438\u0430\u0433\u043d\u043e\u0441\u0442\u0438\u043a\u0443, \u043e\u0431\u0441\u043b\u0443\u0436\u0438\u0432\u0430\u043d\u0438\u0435 \u0438 \u0440\u0435\u043c\u043e\u043d\u0442 A\u0410\u041a\u041f \u043a\u0430\u043a \u0432 \u041a\u0430\u0434\u0440\u0438\u043d\u0430, \u0442\u0430\u043a \u0438 \u0432 \u0422\u0430\u043b\u043b\u0438\u043d\u043d\u0435. \u041f\u0440\u043e\u0447\u0442\u0438 \u0437\u0434\u0435\u0441\u044c \u043f\u043e\u0434\u0440\u043e\u0431\u043d\u0435\u0435 \u043e \u043f\u0440\u0435\u0434\u043b\u0430\u0433\u0430\u0435\u043c\u044b\u0445 \u0443\u0441\u043b\u0443\u0433\u0430\u0445.\" \/>\n<meta property=\"og:url\" content=\"https:\/\/www.hobenool.eu\/ru\/uslugi\/\" \/>\n<meta property=\"og:site_name\" content=\"H\u00f5benool\" \/>\n<meta property=\"article:modified_time\" content=\"2019-10-07T15:20:39+00:00\" \/>\n<meta name=\"twitter:card\" content=\"summary_large_image\" \/>\n<script type=\"application\/ld+json\" class=\"yoast-schema-graph\">{\"@context\":\"https:\/\/schema.org\",\"@graph\":[{\"@type\":\"WebPage\",\"@id\":\"https:\/\/www.hobenool.eu\/ru\/uslugi\/\",\"url\":\"https:\/\/www.hobenool.eu\/ru\/uslugi\/\",\"name\":\"\u0423\u0441\u043b\u0443\u0433\u0438 \u0434\u043b\u044f A\u0410\u041a\u041f - \u0434\u0438\u0430\u0433\u043d\u043e\u0441\u0442\u0438\u043a\u0430, \u043e\u0431\u0441\u043b\u0443\u0436\u0438\u0432\u0430\u043d\u0438\u0435, \u0440\u0435\u043c\u043e\u043d\u0442.\",\"isPartOf\":{\"@id\":\"https:\/\/www.hobenool.eu\/#website\"},\"datePublished\":\"2017-11-13T08:05:39+00:00\",\"dateModified\":\"2019-10-07T15:20:39+00:00\",\"description\":\"\u041f\u0440\u0435\u0434\u043b\u0430\u0433\u0430\u0435\u043c \u0434\u0438\u0430\u0433\u043d\u043e\u0441\u0442\u0438\u043a\u0443, \u043e\u0431\u0441\u043b\u0443\u0436\u0438\u0432\u0430\u043d\u0438\u0435 \u0438 \u0440\u0435\u043c\u043e\u043d\u0442 A\u0410\u041a\u041f \u043a\u0430\u043a \u0432 \u041a\u0430\u0434\u0440\u0438\u043d\u0430, \u0442\u0430\u043a \u0438 \u0432 \u0422\u0430\u043b\u043b\u0438\u043d\u043d\u0435. \u041f\u0440\u043e\u0447\u0442\u0438 \u0437\u0434\u0435\u0441\u044c \u043f\u043e\u0434\u0440\u043e\u0431\u043d\u0435\u0435 \u043e \u043f\u0440\u0435\u0434\u043b\u0430\u0433\u0430\u0435\u043c\u044b\u0445 \u0443\u0441\u043b\u0443\u0433\u0430\u0445.\",\"breadcrumb\":{\"@id\":\"https:\/\/www.hobenool.eu\/ru\/uslugi\/#breadcrumb\"},\"inLanguage\":\"ru-RU\",\"potentialAction\":[{\"@type\":\"ReadAction\",\"target\":[\"https:\/\/www.hobenool.eu\/ru\/uslugi\/\"]}]},{\"@type\":\"BreadcrumbList\",\"@id\":\"https:\/\/www.hobenool.eu\/ru\/uslugi\/#breadcrumb\",\"itemListElement\":[{\"@type\":\"ListItem\",\"position\":1,\"name\":\"Home\",\"item\":\"https:\/\/www.hobenool.eu\/ru\/\"},{\"@type\":\"ListItem\",\"position\":2,\"name\":\"\u0423\u0441\u043b\u0443\u0433\u0438\"}]},{\"@type\":\"WebSite\",\"@id\":\"https:\/\/www.hobenool.eu\/#website\",\"url\":\"https:\/\/www.hobenool.eu\/\",\"name\":\"H\u00f5benool\",\"description\":\"Diagnostika, d\u00fcnaamiline \u00f5livahetus, varuosad\",\"potentialAction\":[{\"@type\":\"SearchAction\",\"target\":{\"@type\":\"EntryPoint\",\"urlTemplate\":\"https:\/\/www.hobenool.eu\/?s={search_term_string}\"},\"query-input\":\"required name=search_term_string\"}],\"inLanguage\":\"ru-RU\"}]}<\/script>\n<!-- \/ Yoast SEO plugin. -->","yoast_head_json":{"title":"\u0423\u0441\u043b\u0443\u0433\u0438 \u0434\u043b\u044f A\u0410\u041a\u041f - \u0434\u0438\u0430\u0433\u043d\u043e\u0441\u0442\u0438\u043a\u0430, \u043e\u0431\u0441\u043b\u0443\u0436\u0438\u0432\u0430\u043d\u0438\u0435, \u0440\u0435\u043c\u043e\u043d\u0442.","description":"\u041f\u0440\u0435\u0434\u043b\u0430\u0433\u0430\u0435\u043c \u0434\u0438\u0430\u0433\u043d\u043e\u0441\u0442\u0438\u043a\u0443, \u043e\u0431\u0441\u043b\u0443\u0436\u0438\u0432\u0430\u043d\u0438\u0435 \u0438 \u0440\u0435\u043c\u043e\u043d\u0442 A\u0410\u041a\u041f \u043a\u0430\u043a \u0432 \u041a\u0430\u0434\u0440\u0438\u043d\u0430, \u0442\u0430\u043a \u0438 \u0432 \u0422\u0430\u043b\u043b\u0438\u043d\u043d\u0435. \u041f\u0440\u043e\u0447\u0442\u0438 \u0437\u0434\u0435\u0441\u044c \u043f\u043e\u0434\u0440\u043e\u0431\u043d\u0435\u0435 \u043e \u043f\u0440\u0435\u0434\u043b\u0430\u0433\u0430\u0435\u043c\u044b\u0445 \u0443\u0441\u043b\u0443\u0433\u0430\u0445.","robots":{"index":"index","follow":"follow","max-snippet":"max-snippet:-1","max-image-preview":"max-image-preview:large","max-video-preview":"max-video-preview:-1"},"canonical":"https:\/\/www.hobenool.eu\/ru\/uslugi\/","og_locale":"ru_RU","og_type":"article","og_title":"\u0423\u0441\u043b\u0443\u0433\u0438 \u0434\u043b\u044f A\u0410\u041a\u041f - \u0434\u0438\u0430\u0433\u043d\u043e\u0441\u0442\u0438\u043a\u0430, \u043e\u0431\u0441\u043b\u0443\u0436\u0438\u0432\u0430\u043d\u0438\u0435, \u0440\u0435\u043c\u043e\u043d\u0442.","og_description":"\u041f\u0440\u0435\u0434\u043b\u0430\u0433\u0430\u0435\u043c \u0434\u0438\u0430\u0433\u043d\u043e\u0441\u0442\u0438\u043a\u0443, \u043e\u0431\u0441\u043b\u0443\u0436\u0438\u0432\u0430\u043d\u0438\u0435 \u0438 \u0440\u0435\u043c\u043e\u043d\u0442 A\u0410\u041a\u041f \u043a\u0430\u043a \u0432 \u041a\u0430\u0434\u0440\u0438\u043d\u0430, \u0442\u0430\u043a \u0438 \u0432 \u0422\u0430\u043b\u043b\u0438\u043d\u043d\u0435. \u041f\u0440\u043e\u0447\u0442\u0438 \u0437\u0434\u0435\u0441\u044c \u043f\u043e\u0434\u0440\u043e\u0431\u043d\u0435\u0435 \u043e \u043f\u0440\u0435\u0434\u043b\u0430\u0433\u0430\u0435\u043c\u044b\u0445 \u0443\u0441\u043b\u0443\u0433\u0430\u0445.","og_url":"https:\/\/www.hobenool.eu\/ru\/uslugi\/","og_site_name":"H\u00f5benool","article_modified_time":"2019-10-07T15:20:39+00:00","twitter_card":"summary_large_image","schema":{"@context":"https:\/\/schema.org","@graph":[{"@type":"WebPage","@id":"https:\/\/www.hobenool.eu\/ru\/uslugi\/","url":"https:\/\/www.hobenool.eu\/ru\/uslugi\/","name":"\u0423\u0441\u043b\u0443\u0433\u0438 \u0434\u043b\u044f A\u0410\u041a\u041f - \u0434\u0438\u0430\u0433\u043d\u043e\u0441\u0442\u0438\u043a\u0430, \u043e\u0431\u0441\u043b\u0443\u0436\u0438\u0432\u0430\u043d\u0438\u0435, \u0440\u0435\u043c\u043e\u043d\u0442.","isPartOf":{"@id":"https:\/\/www.hobenool.eu\/#website"},"datePublished":"2017-11-13T08:05:39+00:00","dateModified":"2019-10-07T15:20:39+00:00","description":"\u041f\u0440\u0435\u0434\u043b\u0430\u0433\u0430\u0435\u043c \u0434\u0438\u0430\u0433\u043d\u043e\u0441\u0442\u0438\u043a\u0443, \u043e\u0431\u0441\u043b\u0443\u0436\u0438\u0432\u0430\u043d\u0438\u0435 \u0438 \u0440\u0435\u043c\u043e\u043d\u0442 A\u0410\u041a\u041f \u043a\u0430\u043a \u0432 \u041a\u0430\u0434\u0440\u0438\u043d\u0430, \u0442\u0430\u043a \u0438 \u0432 \u0422\u0430\u043b\u043b\u0438\u043d\u043d\u0435. \u041f\u0440\u043e\u0447\u0442\u0438 \u0437\u0434\u0435\u0441\u044c \u043f\u043e\u0434\u0440\u043e\u0431\u043d\u0435\u0435 \u043e \u043f\u0440\u0435\u0434\u043b\u0430\u0433\u0430\u0435\u043c\u044b\u0445 \u0443\u0441\u043b\u0443\u0433\u0430\u0445.","breadcrumb":{"@id":"https:\/\/www.hobenool.eu\/ru\/uslugi\/#breadcrumb"},"inLanguage":"ru-RU","potentialAction":[{"@type":"ReadAction","target":["https:\/\/www.hobenool.eu\/ru\/uslugi\/"]}]},{"@type":"BreadcrumbList","@id":"https:\/\/www.hobenool.eu\/ru\/uslugi\/#breadcrumb","itemListElement":[{"@type":"ListItem","position":1,"name":"Home","item":"https:\/\/www.hobenool.eu\/ru\/"},{"@type":"ListItem","position":2,"name":"\u0423\u0441\u043b\u0443\u0433\u0438"}]},{"@type":"WebSite","@id":"https:\/\/www.hobenool.eu\/#website","url":"https:\/\/www.hobenool.eu\/","name":"H\u00f5benool","description":"Diagnostika, d\u00fcnaamiline \u00f5livahetus, varuosad","potentialAction":[{"@type":"SearchAction","target":{"@type":"EntryPoint","urlTemplate":"https:\/\/www.hobenool.eu\/?s={search_term_string}"},"query-input":"required name=search_term_string"}],"inLanguage":"ru-RU"}]}},"_links":{"self":[{"href":"https:\/\/www.hobenool.eu\/ru\/wp-json\/wp\/v2\/pages\/9229"}],"collection":[{"href":"https:\/\/www.hobenool.eu\/ru\/wp-json\/wp\/v2\/pages"}],"about":[{"href":"https:\/\/www.hobenool.eu\/ru\/wp-json\/wp\/v2\/types\/page"}],"author":[{"embeddable":true,"href":"https:\/\/www.hobenool.eu\/ru\/wp-json\/wp\/v2\/users\/2"}],"replies":[{"embeddable":true,"href":"https:\/\/www.hobenool.eu\/ru\/wp-json\/wp\/v2\/comments?post=9229"}],"version-history":[{"count":0,"href":"https:\/\/www.hobenool.eu\/ru\/wp-json\/wp\/v2\/pages\/9229\/revisions"}],"wp:attachment":[{"href":"https:\/\/www.hobenool.eu\/ru\/wp-json\/wp\/v2\/media?parent=9229"}],"curies":[{"name":"wp","href":"https:\/\/api.w.org\/{rel}","templated":true}]}}