{"id":7492,"date":"2017-11-14T15:19:51","date_gmt":"2017-11-14T13:19:51","guid":{"rendered":"https:\/\/www.hobenool.eu\/hudromuhvideturbiinide-remont-ja-taastamine\/"},"modified":"2019-11-04T13:27:35","modified_gmt":"2019-11-04T11:27:35","slug":"repair-and-restoration-of-torque-converters-turbines","status":"publish","type":"page","link":"https:\/\/www.hobenool.eu\/en\/repair-and-restoration-of-torque-converters-turbines\/","title":{"rendered":"Repair and restoration of torque converters\/turbines"},"content":{"rendered":"","protected":false},"excerpt":{"rendered":"<p>Kuna tegemist on kinnise detailiga (tavaremondit\u00f6\u00f6kojale avamatu), ei paku autotootjad antud detaili remonti, vaid ainult v\u00e4lja vahetamist uue vastu. S\u00f5ltuvalt s\u00f5idukist on uue h\u00fcdromuhvi hind 1500-2500 \u20ac tk. \u00d5nneks on h\u00fcdromuhve v\u00f5imalik siiski ka remontida.  <\/p>\n<p class=\"read-more-paragraph\"><a href=\"https:\/\/www.hobenool.eu\/en\/repair-and-restoration-of-torque-converters-turbines\/\" class=\"read-more-link\">Find out more<\/a><\/p>\n","protected":false},"author":2,"featured_media":0,"parent":0,"menu_order":40,"comment_status":"closed","ping_status":"closed","template":"","meta":{"_acf_changed":false,"inline_featured_image":false,"footnotes":""},"class_list":["post-7492","page","type-page","status-publish","hentry"],"acf":[],"yoast_head":"<!-- This site is optimized with the Yoast SEO plugin v23.3 - https:\/\/yoast.com\/wordpress\/plugins\/seo\/ -->\n<title>Repair and restoration of torque converters\/turbines - H\u00f5benool<\/title>\n<meta name=\"description\" content=\"As this is a sealed part, car manufacturers do not offer repair of this part but only replacement with a new one. We offer - read more here!\" \/>\n<meta name=\"robots\" content=\"index, follow, max-snippet:-1, max-image-preview:large, max-video-preview:-1\" \/>\n<link rel=\"canonical\" href=\"https:\/\/www.hobenool.eu\/en\/repair-and-restoration-of-torque-converters-turbines\/\" \/>\n<meta property=\"og:locale\" content=\"en_US\" \/>\n<meta property=\"og:type\" content=\"article\" \/>\n<meta property=\"og:title\" content=\"Repair and restoration of torque converters\/turbines - H\u00f5benool\" \/>\n<meta property=\"og:description\" content=\"As this is a sealed part, car manufacturers do not offer repair of this part but only replacement with a new one. We offer - read more here!\" \/>\n<meta property=\"og:url\" content=\"https:\/\/www.hobenool.eu\/en\/repair-and-restoration-of-torque-converters-turbines\/\" \/>\n<meta property=\"og:site_name\" content=\"H\u00f5benool\" \/>\n<meta property=\"article:modified_time\" content=\"2019-11-04T11:27:35+00:00\" \/>\n<meta name=\"twitter:card\" content=\"summary_large_image\" \/>\n<script type=\"application\/ld+json\" class=\"yoast-schema-graph\">{\"@context\":\"https:\/\/schema.org\",\"@graph\":[{\"@type\":\"WebPage\",\"@id\":\"https:\/\/www.hobenool.eu\/en\/repair-and-restoration-of-torque-converters-turbines\/\",\"url\":\"https:\/\/www.hobenool.eu\/en\/repair-and-restoration-of-torque-converters-turbines\/\",\"name\":\"Repair and restoration of torque converters\/turbines - H\u00f5benool\",\"isPartOf\":{\"@id\":\"https:\/\/www.hobenool.eu\/#website\"},\"datePublished\":\"2017-11-14T13:19:51+00:00\",\"dateModified\":\"2019-11-04T11:27:35+00:00\",\"description\":\"As this is a sealed part, car manufacturers do not offer repair of this part but only replacement with a new one. We offer - read more here!\",\"breadcrumb\":{\"@id\":\"https:\/\/www.hobenool.eu\/en\/repair-and-restoration-of-torque-converters-turbines\/#breadcrumb\"},\"inLanguage\":\"en-US\",\"potentialAction\":[{\"@type\":\"ReadAction\",\"target\":[\"https:\/\/www.hobenool.eu\/en\/repair-and-restoration-of-torque-converters-turbines\/\"]}]},{\"@type\":\"BreadcrumbList\",\"@id\":\"https:\/\/www.hobenool.eu\/en\/repair-and-restoration-of-torque-converters-turbines\/#breadcrumb\",\"itemListElement\":[{\"@type\":\"ListItem\",\"position\":1,\"name\":\"Home\",\"item\":\"https:\/\/www.hobenool.eu\/en\/\"},{\"@type\":\"ListItem\",\"position\":2,\"name\":\"Repair and restoration of torque converters\/turbines\"}]},{\"@type\":\"WebSite\",\"@id\":\"https:\/\/www.hobenool.eu\/#website\",\"url\":\"https:\/\/www.hobenool.eu\/\",\"name\":\"H\u00f5benool\",\"description\":\"Diagnostika, d\u00fcnaamiline \u00f5livahetus, varuosad\",\"potentialAction\":[{\"@type\":\"SearchAction\",\"target\":{\"@type\":\"EntryPoint\",\"urlTemplate\":\"https:\/\/www.hobenool.eu\/?s={search_term_string}\"},\"query-input\":\"required name=search_term_string\"}],\"inLanguage\":\"en-US\"}]}<\/script>\n<!-- \/ Yoast SEO plugin. -->","yoast_head_json":{"title":"Repair and restoration of torque converters\/turbines - H\u00f5benool","description":"As this is a sealed part, car manufacturers do not offer repair of this part but only replacement with a new one. We offer - read more here!","robots":{"index":"index","follow":"follow","max-snippet":"max-snippet:-1","max-image-preview":"max-image-preview:large","max-video-preview":"max-video-preview:-1"},"canonical":"https:\/\/www.hobenool.eu\/en\/repair-and-restoration-of-torque-converters-turbines\/","og_locale":"en_US","og_type":"article","og_title":"Repair and restoration of torque converters\/turbines - H\u00f5benool","og_description":"As this is a sealed part, car manufacturers do not offer repair of this part but only replacement with a new one. We offer - read more here!","og_url":"https:\/\/www.hobenool.eu\/en\/repair-and-restoration-of-torque-converters-turbines\/","og_site_name":"H\u00f5benool","article_modified_time":"2019-11-04T11:27:35+00:00","twitter_card":"summary_large_image","schema":{"@context":"https:\/\/schema.org","@graph":[{"@type":"WebPage","@id":"https:\/\/www.hobenool.eu\/en\/repair-and-restoration-of-torque-converters-turbines\/","url":"https:\/\/www.hobenool.eu\/en\/repair-and-restoration-of-torque-converters-turbines\/","name":"Repair and restoration of torque converters\/turbines - H\u00f5benool","isPartOf":{"@id":"https:\/\/www.hobenool.eu\/#website"},"datePublished":"2017-11-14T13:19:51+00:00","dateModified":"2019-11-04T11:27:35+00:00","description":"As this is a sealed part, car manufacturers do not offer repair of this part but only replacement with a new one. We offer - read more here!","breadcrumb":{"@id":"https:\/\/www.hobenool.eu\/en\/repair-and-restoration-of-torque-converters-turbines\/#breadcrumb"},"inLanguage":"en-US","potentialAction":[{"@type":"ReadAction","target":["https:\/\/www.hobenool.eu\/en\/repair-and-restoration-of-torque-converters-turbines\/"]}]},{"@type":"BreadcrumbList","@id":"https:\/\/www.hobenool.eu\/en\/repair-and-restoration-of-torque-converters-turbines\/#breadcrumb","itemListElement":[{"@type":"ListItem","position":1,"name":"Home","item":"https:\/\/www.hobenool.eu\/en\/"},{"@type":"ListItem","position":2,"name":"Repair and restoration of torque converters\/turbines"}]},{"@type":"WebSite","@id":"https:\/\/www.hobenool.eu\/#website","url":"https:\/\/www.hobenool.eu\/","name":"H\u00f5benool","description":"Diagnostika, d\u00fcnaamiline \u00f5livahetus, varuosad","potentialAction":[{"@type":"SearchAction","target":{"@type":"EntryPoint","urlTemplate":"https:\/\/www.hobenool.eu\/?s={search_term_string}"},"query-input":"required name=search_term_string"}],"inLanguage":"en-US"}]}},"_links":{"self":[{"href":"https:\/\/www.hobenool.eu\/en\/wp-json\/wp\/v2\/pages\/7492"}],"collection":[{"href":"https:\/\/www.hobenool.eu\/en\/wp-json\/wp\/v2\/pages"}],"about":[{"href":"https:\/\/www.hobenool.eu\/en\/wp-json\/wp\/v2\/types\/page"}],"author":[{"embeddable":true,"href":"https:\/\/www.hobenool.eu\/en\/wp-json\/wp\/v2\/users\/2"}],"replies":[{"embeddable":true,"href":"https:\/\/www.hobenool.eu\/en\/wp-json\/wp\/v2\/comments?post=7492"}],"version-history":[{"count":0,"href":"https:\/\/www.hobenool.eu\/en\/wp-json\/wp\/v2\/pages\/7492\/revisions"}],"wp:attachment":[{"href":"https:\/\/www.hobenool.eu\/en\/wp-json\/wp\/v2\/media?parent=7492"}],"curies":[{"name":"wp","href":"https:\/\/api.w.org\/{rel}","templated":true}]}}