{"id":7490,"date":"2017-11-13T10:05:49","date_gmt":"2017-11-13T08:05:49","guid":{"rendered":"https:\/\/www.hobenool.eu\/kusi-pakkumist\/"},"modified":"2019-07-19T10:31:31","modified_gmt":"2019-07-19T07:31:31","slug":"ask-for-an-offer","status":"publish","type":"page","link":"https:\/\/www.hobenool.eu\/en\/ask-for-an-offer\/","title":{"rendered":"Ask for an offer"},"content":{"rendered":"\n<div class=\"wpcf7 no-js\" id=\"wpcf7-f8064-o1\" lang=\"et\" dir=\"ltr\">\n<div class=\"screen-reader-response\"><p role=\"status\" aria-live=\"polite\" aria-atomic=\"true\"><\/p> <ul><\/ul><\/div>\n<form action=\"\/en\/wp-json\/wp\/v2\/pages\/7490#wpcf7-f8064-o1\" method=\"post\" class=\"wpcf7-form init\" aria-label=\"Contact form\" novalidate=\"novalidate\" data-status=\"init\">\n<div style=\"display: none;\">\n<input type=\"hidden\" name=\"_wpcf7\" value=\"8064\" \/>\n<input type=\"hidden\" name=\"_wpcf7_version\" value=\"5.9.8\" \/>\n<input type=\"hidden\" name=\"_wpcf7_locale\" value=\"et\" \/>\n<input type=\"hidden\" name=\"_wpcf7_unit_tag\" value=\"wpcf7-f8064-o1\" \/>\n<input type=\"hidden\" name=\"_wpcf7_container_post\" value=\"0\" \/>\n<input type=\"hidden\" name=\"_wpcf7_posted_data_hash\" value=\"\" \/>\n<\/div>\n<p>\t\t<div id=\"cf7md-form\" class=\"cf7md-form\">\n\t\t\t<div class=\"mdc-layout-grid\">\n\t\t\t\t\t\t\t\t\n<\/p>\n\t\t<div class=\"cf7md-item cf7md-text mdc-layout-grid__cell mdc-layout-grid__cell--span-12\">\n\t\t\t<span class=\"wpcf7-form-control-wrap\" data-name=\"your-name\"><input size=\"40\" maxlength=\"400\" class=\"wpcf7-form-control wpcf7-text wpcf7-validates-as-required\" aria-required=\"true\" aria-invalid=\"false\" value=\"\" type=\"text\" name=\"your-name\" \/><\/span>\t\t\t\t\t\t<div style=\"display: none;\" class=\"cf7md-text-html\">\n\t\t\t\t<div class=\"mdc-textfield\" data-mdc-auto-init=\"MDCTextfield\">\n\t\t\t\t\t<label class=\"mdc-textfield__label\">Your name<\/label>\n\t\t\t\t<\/div>\n\t\t\t<\/div>\n\t\t<\/div>\n\t\t\n\t\t<div class=\"cf7md-item cf7md-text mdc-layout-grid__cell mdc-layout-grid__cell--span-12\">\n\t\t\t<span class=\"wpcf7-form-control-wrap\" data-name=\"your-email\"><input size=\"40\" maxlength=\"400\" class=\"wpcf7-form-control wpcf7-email wpcf7-validates-as-required wpcf7-text wpcf7-validates-as-email\" aria-required=\"true\" aria-invalid=\"false\" value=\"\" type=\"email\" name=\"your-email\" \/><\/span>\t\t\t\t\t\t<div style=\"display: none;\" class=\"cf7md-text-html\">\n\t\t\t\t<div class=\"mdc-textfield\" data-mdc-auto-init=\"MDCTextfield\">\n\t\t\t\t\t<label class=\"mdc-textfield__label\">Your e-mail<\/label>\n\t\t\t\t<\/div>\n\t\t\t<\/div>\n\t\t<\/div>\n\t\t\n<p><span class=\"wpcf7-form-control-wrap your-phone\"><input class=\"wpcf7-form-control wpcf7-intl_tel wpcf7-validates-as-required wpcf7-intl-tel\" aria-required=\"true\" aria-invalid=\"false\" placeholder=\"Phone number\" data-initialcountry=\"ee\" data-preferredcountries=\"ee-fi-ru\" value=\"\" type=\"tel\" name=\"your-phone-cf7it-national\" \/><input name=\"your-phone\" type=\"hidden\" class=\"wpcf7-intl-tel-full\" \/><input type=\"hidden\" name=\"your-phone-cf7it-country-name\" class=\"wpcf7-intl-tel-country-name\" \/><input type=\"hidden\" name=\"your-phone-cf7it-country-code\" class=\"wpcf7-intl-tel-country-code\" \/><input type=\"hidden\" name=\"your-phone-cf7it-country-iso2\" class=\"wpcf7-intl-tel-country-iso2\" \/><\/span>\n<\/p>\n\t\t<div class=\"cf7md-item cf7md-text mdc-layout-grid__cell mdc-layout-grid__cell--span-12\">\n\t\t\t<span class=\"wpcf7-form-control-wrap\" data-name=\"your-regnr\"><input size=\"40\" maxlength=\"400\" class=\"wpcf7-form-control wpcf7-text wpcf7-validates-as-required\" aria-required=\"true\" aria-invalid=\"false\" value=\"\" type=\"text\" name=\"your-regnr\" \/><\/span>\t\t\t\t\t\t<div style=\"display: none;\" class=\"cf7md-text-html\">\n\t\t\t\t<div class=\"mdc-textfield\" data-mdc-auto-init=\"MDCTextfield\">\n\t\t\t\t\t<label class=\"mdc-textfield__label\">Licence plate number or VIN number<\/label>\n\t\t\t\t<\/div>\n\t\t\t<\/div>\n\t\t<\/div>\n\t\t\n\t\t<div class=\"cf7md-item cf7md-select mdc-layout-grid__cell mdc-layout-grid__cell--span-12\">\n\t\t\t<span class=\"wpcf7-form-control-wrap\" data-name=\"dealership\"><select class=\"wpcf7-form-control wpcf7-select wpcf7-validates-as-required\" aria-required=\"true\" aria-invalid=\"false\" name=\"dealership\"><option value=\"Peetri shop\">Peetri shop<\/option><option value=\"Kadrina shop\">Kadrina shop<\/option><option value=\"Tartu shop\">Tartu shop<\/option><option value=\"P\u00e4rnu shop\">P\u00e4rnu shop<\/option><\/select><\/span>\t\t\t<span style=\"display: none;\" class=\"cf7md-select-label\">Choose a dealership<\/span>\n\t\t\t\t\t<\/div>\n\t\t\n\t\t<div class=\"cf7md-item cf7md-textarea mdc-layout-grid__cell mdc-layout-grid__cell--span-12 cf7md-textarea-autosize\">\n\t\t\t<span class=\"wpcf7-form-control-wrap\" data-name=\"your-message\"><textarea cols=\"40\" rows=\"10\" maxlength=\"2000\" class=\"wpcf7-form-control wpcf7-textarea wpcf7-validates-as-required\" aria-required=\"true\" aria-invalid=\"false\" name=\"your-message\"><\/textarea><\/span>\t\t\t\t\t\t<div style=\"display: none;\" class=\"cf7md-text-html\">\n\t\t\t\t<div class=\"mdc-textfield mdc-textfield--multiline mdc-textfield--upgraded\" data-mdc-auto-init=\"MDCTextfield\">\n\t\t\t\t\t<label class=\"mdc-textfield__label\">More specifically about the problem<\/label>\n\t\t\t\t<\/div>\n\t\t\t<\/div>\n\t\t<\/div>\n\t\t\n<p><span id=\"wpcf7-69e3804d43507-wrapper\" class=\"wpcf7-form-control-wrap honeypot-185-wrap\" style=\"display:none !important; visibility:hidden !important;\"><label for=\"wpcf7-69e3804d43507-field\" class=\"hp-message\">Please leave this field empty.<\/label><input id=\"wpcf7-69e3804d43507-field\"  class=\"wpcf7-form-control wpcf7-text\" type=\"text\" name=\"honeypot-185\" value=\"\" size=\"40\" tabindex=\"-1\" autocomplete=\"new-password\" \/><\/span><br \/>\n<input class=\"wpcf7-form-control wpcf7-hidden\" value=\"tallinn@hobenool.eu\" type=\"hidden\" name=\"esindus_email\" \/><br \/>\n<input class=\"wpcf7-form-control wpcf7-hidden\" value=\"18\" type=\"hidden\" name=\"stage_id\" \/><br \/>\n<input class=\"wpcf7-form-control wpcf7-hidden\" value=\"\" type=\"hidden\" name=\"VIN_KOOD\" \/><br \/>\n<input class=\"wpcf7-form-control wpcf7-hidden\" value=\"\" type=\"hidden\" name=\"MARK\" \/><br \/>\n<input class=\"wpcf7-form-control wpcf7-hidden\" value=\"\" type=\"hidden\" name=\"NIMETUS\" \/><br \/>\n<input class=\"wpcf7-form-control wpcf7-hidden\" value=\"\" type=\"hidden\" name=\"ESMAREG_KP\" \/><br \/>\n<input class=\"wpcf7-form-control wpcf7-hidden\" value=\"\" type=\"hidden\" name=\"TELJED\" \/><br \/>\n<input class=\"wpcf7-form-control wpcf7-hidden\" value=\"\" type=\"hidden\" name=\"ODOMEETRI_NAIT\" \/><br \/>\n<input class=\"wpcf7-form-control wpcf7-hidden\" value=\"\" type=\"hidden\" name=\"JARGMISE_YLEVAATUSE_AEG\" \/><br \/>\n<input class=\"wpcf7-form-control wpcf7-hidden\" value=\"\" type=\"hidden\" name=\"EESTIS_ESMAREG_KP\" \/><br \/>\n<input class=\"wpcf7-form-control wpcf7-hidden\" value=\"\" type=\"hidden\" name=\"RIIK\" \/><br \/>\n<input class=\"wpcf7-form-control wpcf7-hidden\" value=\"\" type=\"hidden\" name=\"MOOTORI_MAHT\" \/><br \/>\n<input class=\"wpcf7-form-control wpcf7-hidden\" value=\"\" type=\"hidden\" name=\"MOOTORI_VOIMSUS\" \/><br \/>\n<input class=\"wpcf7-form-control wpcf7-hidden\" value=\"\" type=\"hidden\" name=\"MOOTORI_TYYP\" \/><br \/>\n<input class=\"wpcf7-form-control wpcf7-hidden\" value=\"Kodulehelt p\u00e4ring\" type=\"hidden\" name=\"kodulehelt\" \/>\n<\/p>\n<input class=\"wpcf7-form-control wpcf7-hidden\" value=\"\" type=\"hidden\" name=\"utm_source\" \/>\n<input class=\"wpcf7-form-control wpcf7-hidden\" value=\"\" type=\"hidden\" name=\"utm_medium\" \/>\n\t\t<div class=\"cf7md-item cf7md-submit mdc-layout-grid__cell mdc-layout-grid__cell--span-12\">\n\t\t\t<input class=\"wpcf7-form-control wpcf7-submit has-spinner\" type=\"submit\" value=\"Send\" \/>\t\t\t<svg class=\"cf7md-spinner\" width=\"25px\" height=\"25px\" viewBox=\"0 0 66 66\" xmlns=\"http:\/\/www.w3.org\/2000\/svg\">\n\t\t\t\t<circle class=\"cf7md-spinner-path\" fill=\"none\" stroke-width=\"6\" stroke-linecap=\"round\" cx=\"33\" cy=\"33\" r=\"30\"><\/circle>\n\t\t\t<\/svg>\n\t\t<\/div>\n\t\t\n\t\t\t<\/div>\n\t\t<\/div>\n\t\t\n<\/p><div class=\"wpcf7-response-output\" aria-hidden=\"true\"><\/div>\n<\/form>\n<\/div>\n\n","protected":false},"excerpt":{"rendered":"\n<p class=\"read-more-paragraph\"><a href=\"https:\/\/www.hobenool.eu\/en\/ask-for-an-offer\/\" class=\"read-more-link\">Find out more<\/a><\/p>\n","protected":false},"author":2,"featured_media":0,"parent":0,"menu_order":30,"comment_status":"closed","ping_status":"closed","template":"","meta":{"_acf_changed":false,"inline_featured_image":false,"footnotes":""},"class_list":["post-7490","page","type-page","status-publish","hentry"],"acf":[],"yoast_head":"<!-- This site is optimized with the Yoast SEO plugin v23.3 - https:\/\/yoast.com\/wordpress\/plugins\/seo\/ -->\n<title>Ask for an offer - H\u00f5benool<\/title>\n<meta name=\"robots\" content=\"index, follow, max-snippet:-1, max-image-preview:large, max-video-preview:-1\" \/>\n<link rel=\"canonical\" href=\"https:\/\/www.hobenool.eu\/en\/ask-for-an-offer\/\" \/>\n<meta property=\"og:locale\" content=\"en_US\" \/>\n<meta property=\"og:type\" content=\"article\" \/>\n<meta property=\"og:title\" content=\"Ask for an offer - H\u00f5benool\" \/>\n<meta property=\"og:description\" content=\"Find out more\" \/>\n<meta property=\"og:url\" content=\"https:\/\/www.hobenool.eu\/en\/ask-for-an-offer\/\" \/>\n<meta property=\"og:site_name\" content=\"H\u00f5benool\" \/>\n<meta property=\"article:modified_time\" content=\"2019-07-19T07:31:31+00:00\" \/>\n<meta name=\"twitter:card\" content=\"summary_large_image\" \/>\n<script type=\"application\/ld+json\" class=\"yoast-schema-graph\">{\"@context\":\"https:\/\/schema.org\",\"@graph\":[{\"@type\":\"WebPage\",\"@id\":\"https:\/\/www.hobenool.eu\/en\/ask-for-an-offer\/\",\"url\":\"https:\/\/www.hobenool.eu\/en\/ask-for-an-offer\/\",\"name\":\"Ask for an offer - H\u00f5benool\",\"isPartOf\":{\"@id\":\"https:\/\/www.hobenool.eu\/#website\"},\"datePublished\":\"2017-11-13T08:05:49+00:00\",\"dateModified\":\"2019-07-19T07:31:31+00:00\",\"breadcrumb\":{\"@id\":\"https:\/\/www.hobenool.eu\/en\/ask-for-an-offer\/#breadcrumb\"},\"inLanguage\":\"en-US\",\"potentialAction\":[{\"@type\":\"ReadAction\",\"target\":[\"https:\/\/www.hobenool.eu\/en\/ask-for-an-offer\/\"]}]},{\"@type\":\"BreadcrumbList\",\"@id\":\"https:\/\/www.hobenool.eu\/en\/ask-for-an-offer\/#breadcrumb\",\"itemListElement\":[{\"@type\":\"ListItem\",\"position\":1,\"name\":\"Home\",\"item\":\"https:\/\/www.hobenool.eu\/en\/\"},{\"@type\":\"ListItem\",\"position\":2,\"name\":\"Ask for an offer\"}]},{\"@type\":\"WebSite\",\"@id\":\"https:\/\/www.hobenool.eu\/#website\",\"url\":\"https:\/\/www.hobenool.eu\/\",\"name\":\"H\u00f5benool\",\"description\":\"Diagnostika, d\u00fcnaamiline \u00f5livahetus, varuosad\",\"potentialAction\":[{\"@type\":\"SearchAction\",\"target\":{\"@type\":\"EntryPoint\",\"urlTemplate\":\"https:\/\/www.hobenool.eu\/?s={search_term_string}\"},\"query-input\":\"required name=search_term_string\"}],\"inLanguage\":\"en-US\"}]}<\/script>\n<!-- \/ Yoast SEO plugin. -->","yoast_head_json":{"title":"Ask for an offer - H\u00f5benool","robots":{"index":"index","follow":"follow","max-snippet":"max-snippet:-1","max-image-preview":"max-image-preview:large","max-video-preview":"max-video-preview:-1"},"canonical":"https:\/\/www.hobenool.eu\/en\/ask-for-an-offer\/","og_locale":"en_US","og_type":"article","og_title":"Ask for an offer - H\u00f5benool","og_description":"Find out more","og_url":"https:\/\/www.hobenool.eu\/en\/ask-for-an-offer\/","og_site_name":"H\u00f5benool","article_modified_time":"2019-07-19T07:31:31+00:00","twitter_card":"summary_large_image","schema":{"@context":"https:\/\/schema.org","@graph":[{"@type":"WebPage","@id":"https:\/\/www.hobenool.eu\/en\/ask-for-an-offer\/","url":"https:\/\/www.hobenool.eu\/en\/ask-for-an-offer\/","name":"Ask for an offer - H\u00f5benool","isPartOf":{"@id":"https:\/\/www.hobenool.eu\/#website"},"datePublished":"2017-11-13T08:05:49+00:00","dateModified":"2019-07-19T07:31:31+00:00","breadcrumb":{"@id":"https:\/\/www.hobenool.eu\/en\/ask-for-an-offer\/#breadcrumb"},"inLanguage":"en-US","potentialAction":[{"@type":"ReadAction","target":["https:\/\/www.hobenool.eu\/en\/ask-for-an-offer\/"]}]},{"@type":"BreadcrumbList","@id":"https:\/\/www.hobenool.eu\/en\/ask-for-an-offer\/#breadcrumb","itemListElement":[{"@type":"ListItem","position":1,"name":"Home","item":"https:\/\/www.hobenool.eu\/en\/"},{"@type":"ListItem","position":2,"name":"Ask for an offer"}]},{"@type":"WebSite","@id":"https:\/\/www.hobenool.eu\/#website","url":"https:\/\/www.hobenool.eu\/","name":"H\u00f5benool","description":"Diagnostika, d\u00fcnaamiline \u00f5livahetus, varuosad","potentialAction":[{"@type":"SearchAction","target":{"@type":"EntryPoint","urlTemplate":"https:\/\/www.hobenool.eu\/?s={search_term_string}"},"query-input":"required name=search_term_string"}],"inLanguage":"en-US"}]}},"_links":{"self":[{"href":"https:\/\/www.hobenool.eu\/en\/wp-json\/wp\/v2\/pages\/7490"}],"collection":[{"href":"https:\/\/www.hobenool.eu\/en\/wp-json\/wp\/v2\/pages"}],"about":[{"href":"https:\/\/www.hobenool.eu\/en\/wp-json\/wp\/v2\/types\/page"}],"author":[{"embeddable":true,"href":"https:\/\/www.hobenool.eu\/en\/wp-json\/wp\/v2\/users\/2"}],"replies":[{"embeddable":true,"href":"https:\/\/www.hobenool.eu\/en\/wp-json\/wp\/v2\/comments?post=7490"}],"version-history":[{"count":0,"href":"https:\/\/www.hobenool.eu\/en\/wp-json\/wp\/v2\/pages\/7490\/revisions"}],"wp:attachment":[{"href":"https:\/\/www.hobenool.eu\/en\/wp-json\/wp\/v2\/media?parent=7490"}],"curies":[{"name":"wp","href":"https:\/\/api.w.org\/{rel}","templated":true}]}}