{"id":7487,"date":"2017-11-14T15:19:38","date_gmt":"2017-11-14T13:19:38","guid":{"rendered":"https:\/\/www.hobenool.eu\/remont-vo-taastamine\/"},"modified":"2019-10-08T13:54:14","modified_gmt":"2019-10-08T10:54:14","slug":"repair-and-restoration","status":"publish","type":"page","link":"https:\/\/www.hobenool.eu\/en\/repair-and-restoration\/","title":{"rendered":"Repair and restoration of an automatic transmission"},"content":{"rendered":"","protected":false},"excerpt":{"rendered":"<p>Kuna k\u00e4igukasti demonteerimine auto k\u00fcljest ja hilisem tagasi panek on v\u00e4ga suur ja ajamahukas t\u00f6\u00f6, nagu ka k\u00e4igukasti lahti v\u00f5tmine ja komplekteerimine, siis moodustab remondiarvest olulise osa t\u00f6\u00f6raha. <\/p>\n<p class=\"read-more-paragraph\"><a href=\"https:\/\/www.hobenool.eu\/en\/repair-and-restoration\/\" class=\"read-more-link\">Find out more<\/a><\/p>\n","protected":false},"author":2,"featured_media":0,"parent":0,"menu_order":30,"comment_status":"closed","ping_status":"closed","template":"","meta":{"_acf_changed":false,"inline_featured_image":false,"footnotes":""},"class_list":["post-7487","page","type-page","status-publish","hentry"],"acf":[],"yoast_head":"<!-- This site is optimized with the Yoast SEO plugin v23.3 - https:\/\/yoast.com\/wordpress\/plugins\/seo\/ -->\n<title>Repair and restoration of an automatic transmission - H\u00f5benool<\/title>\n<meta name=\"description\" content=\"Automatic transmission repair since 2009. We provide diagnostics, maintenance as well as repair and restoration. We offer the right solution for you.\" \/>\n<meta name=\"robots\" content=\"index, follow, max-snippet:-1, max-image-preview:large, max-video-preview:-1\" \/>\n<link rel=\"canonical\" href=\"https:\/\/www.hobenool.eu\/en\/repair-and-restoration\/\" \/>\n<meta property=\"og:locale\" content=\"en_US\" \/>\n<meta property=\"og:type\" content=\"article\" \/>\n<meta property=\"og:title\" content=\"Repair and restoration of an automatic transmission - H\u00f5benool\" \/>\n<meta property=\"og:description\" content=\"Automatic transmission repair since 2009. We provide diagnostics, maintenance as well as repair and restoration. We offer the right solution for you.\" \/>\n<meta property=\"og:url\" content=\"https:\/\/www.hobenool.eu\/en\/repair-and-restoration\/\" \/>\n<meta property=\"og:site_name\" content=\"H\u00f5benool\" \/>\n<meta property=\"article:modified_time\" content=\"2019-10-08T10:54:14+00:00\" \/>\n<meta name=\"twitter:card\" content=\"summary_large_image\" \/>\n<script type=\"application\/ld+json\" class=\"yoast-schema-graph\">{\"@context\":\"https:\/\/schema.org\",\"@graph\":[{\"@type\":\"WebPage\",\"@id\":\"https:\/\/www.hobenool.eu\/en\/repair-and-restoration\/\",\"url\":\"https:\/\/www.hobenool.eu\/en\/repair-and-restoration\/\",\"name\":\"Repair and restoration of an automatic transmission - H\u00f5benool\",\"isPartOf\":{\"@id\":\"https:\/\/www.hobenool.eu\/#website\"},\"datePublished\":\"2017-11-14T13:19:38+00:00\",\"dateModified\":\"2019-10-08T10:54:14+00:00\",\"description\":\"Automatic transmission repair since 2009. We provide diagnostics, maintenance as well as repair and restoration. We offer the right solution for you.\",\"breadcrumb\":{\"@id\":\"https:\/\/www.hobenool.eu\/en\/repair-and-restoration\/#breadcrumb\"},\"inLanguage\":\"en-US\",\"potentialAction\":[{\"@type\":\"ReadAction\",\"target\":[\"https:\/\/www.hobenool.eu\/en\/repair-and-restoration\/\"]}]},{\"@type\":\"BreadcrumbList\",\"@id\":\"https:\/\/www.hobenool.eu\/en\/repair-and-restoration\/#breadcrumb\",\"itemListElement\":[{\"@type\":\"ListItem\",\"position\":1,\"name\":\"Home\",\"item\":\"https:\/\/www.hobenool.eu\/en\/\"},{\"@type\":\"ListItem\",\"position\":2,\"name\":\"Repair and restoration of an automatic transmission\"}]},{\"@type\":\"WebSite\",\"@id\":\"https:\/\/www.hobenool.eu\/#website\",\"url\":\"https:\/\/www.hobenool.eu\/\",\"name\":\"H\u00f5benool\",\"description\":\"Diagnostika, d\u00fcnaamiline \u00f5livahetus, varuosad\",\"potentialAction\":[{\"@type\":\"SearchAction\",\"target\":{\"@type\":\"EntryPoint\",\"urlTemplate\":\"https:\/\/www.hobenool.eu\/?s={search_term_string}\"},\"query-input\":\"required name=search_term_string\"}],\"inLanguage\":\"en-US\"}]}<\/script>\n<!-- \/ Yoast SEO plugin. -->","yoast_head_json":{"title":"Repair and restoration of an automatic transmission - H\u00f5benool","description":"Automatic transmission repair since 2009. We provide diagnostics, maintenance as well as repair and restoration. We offer the right solution for you.","robots":{"index":"index","follow":"follow","max-snippet":"max-snippet:-1","max-image-preview":"max-image-preview:large","max-video-preview":"max-video-preview:-1"},"canonical":"https:\/\/www.hobenool.eu\/en\/repair-and-restoration\/","og_locale":"en_US","og_type":"article","og_title":"Repair and restoration of an automatic transmission - H\u00f5benool","og_description":"Automatic transmission repair since 2009. We provide diagnostics, maintenance as well as repair and restoration. We offer the right solution for you.","og_url":"https:\/\/www.hobenool.eu\/en\/repair-and-restoration\/","og_site_name":"H\u00f5benool","article_modified_time":"2019-10-08T10:54:14+00:00","twitter_card":"summary_large_image","schema":{"@context":"https:\/\/schema.org","@graph":[{"@type":"WebPage","@id":"https:\/\/www.hobenool.eu\/en\/repair-and-restoration\/","url":"https:\/\/www.hobenool.eu\/en\/repair-and-restoration\/","name":"Repair and restoration of an automatic transmission - H\u00f5benool","isPartOf":{"@id":"https:\/\/www.hobenool.eu\/#website"},"datePublished":"2017-11-14T13:19:38+00:00","dateModified":"2019-10-08T10:54:14+00:00","description":"Automatic transmission repair since 2009. We provide diagnostics, maintenance as well as repair and restoration. We offer the right solution for you.","breadcrumb":{"@id":"https:\/\/www.hobenool.eu\/en\/repair-and-restoration\/#breadcrumb"},"inLanguage":"en-US","potentialAction":[{"@type":"ReadAction","target":["https:\/\/www.hobenool.eu\/en\/repair-and-restoration\/"]}]},{"@type":"BreadcrumbList","@id":"https:\/\/www.hobenool.eu\/en\/repair-and-restoration\/#breadcrumb","itemListElement":[{"@type":"ListItem","position":1,"name":"Home","item":"https:\/\/www.hobenool.eu\/en\/"},{"@type":"ListItem","position":2,"name":"Repair and restoration of an automatic transmission"}]},{"@type":"WebSite","@id":"https:\/\/www.hobenool.eu\/#website","url":"https:\/\/www.hobenool.eu\/","name":"H\u00f5benool","description":"Diagnostika, d\u00fcnaamiline \u00f5livahetus, varuosad","potentialAction":[{"@type":"SearchAction","target":{"@type":"EntryPoint","urlTemplate":"https:\/\/www.hobenool.eu\/?s={search_term_string}"},"query-input":"required name=search_term_string"}],"inLanguage":"en-US"}]}},"_links":{"self":[{"href":"https:\/\/www.hobenool.eu\/en\/wp-json\/wp\/v2\/pages\/7487"}],"collection":[{"href":"https:\/\/www.hobenool.eu\/en\/wp-json\/wp\/v2\/pages"}],"about":[{"href":"https:\/\/www.hobenool.eu\/en\/wp-json\/wp\/v2\/types\/page"}],"author":[{"embeddable":true,"href":"https:\/\/www.hobenool.eu\/en\/wp-json\/wp\/v2\/users\/2"}],"replies":[{"embeddable":true,"href":"https:\/\/www.hobenool.eu\/en\/wp-json\/wp\/v2\/comments?post=7487"}],"version-history":[{"count":0,"href":"https:\/\/www.hobenool.eu\/en\/wp-json\/wp\/v2\/pages\/7487\/revisions"}],"wp:attachment":[{"href":"https:\/\/www.hobenool.eu\/en\/wp-json\/wp\/v2\/media?parent=7487"}],"curies":[{"name":"wp","href":"https:\/\/api.w.org\/{rel}","templated":true}]}}