{"id":7466,"date":"2017-11-14T14:55:08","date_gmt":"2017-11-14T12:55:08","guid":{"rendered":"https:\/\/www.hobenool.eu\/automaatkaigukasti-diagnostika\/"},"modified":"2024-10-31T16:46:12","modified_gmt":"2024-10-31T14:46:12","slug":"diagnostics-of-an-automatic-transmission","status":"publish","type":"page","link":"https:\/\/www.hobenool.eu\/en\/diagnostics-of-an-automatic-transmission\/","title":{"rendered":"Diagnostics of an automatic transmission"},"content":{"rendered":"","protected":false},"excerpt":{"rendered":"\n<p class=\"read-more-paragraph\"><a href=\"https:\/\/www.hobenool.eu\/en\/diagnostics-of-an-automatic-transmission\/\" class=\"read-more-link\">Find out more<\/a><\/p>\n","protected":false},"author":2,"featured_media":0,"parent":0,"menu_order":10,"comment_status":"closed","ping_status":"closed","template":"","meta":{"_acf_changed":false,"inline_featured_image":false,"footnotes":""},"class_list":["post-7466","page","type-page","status-publish","hentry"],"acf":[],"yoast_head":"<!-- This site is optimized with the Yoast SEO plugin v23.3 - https:\/\/yoast.com\/wordpress\/plugins\/seo\/ -->\n<title>Diagnostics of an automatic transmission - H\u00f5benool<\/title>\n<meta name=\"description\" content=\"Automatic transmissions diagnostics are not just about reading error messages that give a false and incomplete view of the vehicle&#039;s gearbox performance. Read more here!\" \/>\n<meta name=\"robots\" content=\"index, follow, max-snippet:-1, max-image-preview:large, max-video-preview:-1\" \/>\n<link rel=\"canonical\" href=\"https:\/\/www.hobenool.eu\/en\/diagnostics-of-an-automatic-transmission\/\" \/>\n<meta property=\"og:locale\" content=\"en_US\" \/>\n<meta property=\"og:type\" content=\"article\" \/>\n<meta property=\"og:title\" content=\"Diagnostics of an automatic transmission - H\u00f5benool\" \/>\n<meta property=\"og:description\" content=\"Automatic transmissions diagnostics are not just about reading error messages that give a false and incomplete view of the vehicle&#039;s gearbox performance. Read more here!\" \/>\n<meta property=\"og:url\" content=\"https:\/\/www.hobenool.eu\/en\/diagnostics-of-an-automatic-transmission\/\" \/>\n<meta property=\"og:site_name\" content=\"H\u00f5benool\" \/>\n<meta property=\"article:modified_time\" content=\"2024-10-31T14:46:12+00:00\" \/>\n<meta name=\"twitter:card\" content=\"summary_large_image\" \/>\n<script type=\"application\/ld+json\" class=\"yoast-schema-graph\">{\"@context\":\"https:\/\/schema.org\",\"@graph\":[{\"@type\":\"WebPage\",\"@id\":\"https:\/\/www.hobenool.eu\/en\/diagnostics-of-an-automatic-transmission\/\",\"url\":\"https:\/\/www.hobenool.eu\/en\/diagnostics-of-an-automatic-transmission\/\",\"name\":\"Diagnostics of an automatic transmission - H\u00f5benool\",\"isPartOf\":{\"@id\":\"https:\/\/www.hobenool.eu\/#website\"},\"datePublished\":\"2017-11-14T12:55:08+00:00\",\"dateModified\":\"2024-10-31T14:46:12+00:00\",\"description\":\"Automatic transmissions diagnostics are not just about reading error messages that give a false and incomplete view of the vehicle's gearbox performance. Read more here!\",\"breadcrumb\":{\"@id\":\"https:\/\/www.hobenool.eu\/en\/diagnostics-of-an-automatic-transmission\/#breadcrumb\"},\"inLanguage\":\"en-US\",\"potentialAction\":[{\"@type\":\"ReadAction\",\"target\":[\"https:\/\/www.hobenool.eu\/en\/diagnostics-of-an-automatic-transmission\/\"]}]},{\"@type\":\"BreadcrumbList\",\"@id\":\"https:\/\/www.hobenool.eu\/en\/diagnostics-of-an-automatic-transmission\/#breadcrumb\",\"itemListElement\":[{\"@type\":\"ListItem\",\"position\":1,\"name\":\"Home\",\"item\":\"https:\/\/www.hobenool.eu\/en\/\"},{\"@type\":\"ListItem\",\"position\":2,\"name\":\"Diagnostics of an automatic transmission\"}]},{\"@type\":\"WebSite\",\"@id\":\"https:\/\/www.hobenool.eu\/#website\",\"url\":\"https:\/\/www.hobenool.eu\/\",\"name\":\"H\u00f5benool\",\"description\":\"Diagnostika, d\u00fcnaamiline \u00f5livahetus, varuosad\",\"potentialAction\":[{\"@type\":\"SearchAction\",\"target\":{\"@type\":\"EntryPoint\",\"urlTemplate\":\"https:\/\/www.hobenool.eu\/?s={search_term_string}\"},\"query-input\":\"required name=search_term_string\"}],\"inLanguage\":\"en-US\"}]}<\/script>\n<!-- \/ Yoast SEO plugin. -->","yoast_head_json":{"title":"Diagnostics of an automatic transmission - H\u00f5benool","description":"Automatic transmissions diagnostics are not just about reading error messages that give a false and incomplete view of the vehicle's gearbox performance. Read more here!","robots":{"index":"index","follow":"follow","max-snippet":"max-snippet:-1","max-image-preview":"max-image-preview:large","max-video-preview":"max-video-preview:-1"},"canonical":"https:\/\/www.hobenool.eu\/en\/diagnostics-of-an-automatic-transmission\/","og_locale":"en_US","og_type":"article","og_title":"Diagnostics of an automatic transmission - H\u00f5benool","og_description":"Automatic transmissions diagnostics are not just about reading error messages that give a false and incomplete view of the vehicle's gearbox performance. Read more here!","og_url":"https:\/\/www.hobenool.eu\/en\/diagnostics-of-an-automatic-transmission\/","og_site_name":"H\u00f5benool","article_modified_time":"2024-10-31T14:46:12+00:00","twitter_card":"summary_large_image","schema":{"@context":"https:\/\/schema.org","@graph":[{"@type":"WebPage","@id":"https:\/\/www.hobenool.eu\/en\/diagnostics-of-an-automatic-transmission\/","url":"https:\/\/www.hobenool.eu\/en\/diagnostics-of-an-automatic-transmission\/","name":"Diagnostics of an automatic transmission - H\u00f5benool","isPartOf":{"@id":"https:\/\/www.hobenool.eu\/#website"},"datePublished":"2017-11-14T12:55:08+00:00","dateModified":"2024-10-31T14:46:12+00:00","description":"Automatic transmissions diagnostics are not just about reading error messages that give a false and incomplete view of the vehicle's gearbox performance. Read more here!","breadcrumb":{"@id":"https:\/\/www.hobenool.eu\/en\/diagnostics-of-an-automatic-transmission\/#breadcrumb"},"inLanguage":"en-US","potentialAction":[{"@type":"ReadAction","target":["https:\/\/www.hobenool.eu\/en\/diagnostics-of-an-automatic-transmission\/"]}]},{"@type":"BreadcrumbList","@id":"https:\/\/www.hobenool.eu\/en\/diagnostics-of-an-automatic-transmission\/#breadcrumb","itemListElement":[{"@type":"ListItem","position":1,"name":"Home","item":"https:\/\/www.hobenool.eu\/en\/"},{"@type":"ListItem","position":2,"name":"Diagnostics of an automatic transmission"}]},{"@type":"WebSite","@id":"https:\/\/www.hobenool.eu\/#website","url":"https:\/\/www.hobenool.eu\/","name":"H\u00f5benool","description":"Diagnostika, d\u00fcnaamiline \u00f5livahetus, varuosad","potentialAction":[{"@type":"SearchAction","target":{"@type":"EntryPoint","urlTemplate":"https:\/\/www.hobenool.eu\/?s={search_term_string}"},"query-input":"required name=search_term_string"}],"inLanguage":"en-US"}]}},"_links":{"self":[{"href":"https:\/\/www.hobenool.eu\/en\/wp-json\/wp\/v2\/pages\/7466"}],"collection":[{"href":"https:\/\/www.hobenool.eu\/en\/wp-json\/wp\/v2\/pages"}],"about":[{"href":"https:\/\/www.hobenool.eu\/en\/wp-json\/wp\/v2\/types\/page"}],"author":[{"embeddable":true,"href":"https:\/\/www.hobenool.eu\/en\/wp-json\/wp\/v2\/users\/2"}],"replies":[{"embeddable":true,"href":"https:\/\/www.hobenool.eu\/en\/wp-json\/wp\/v2\/comments?post=7466"}],"version-history":[{"count":0,"href":"https:\/\/www.hobenool.eu\/en\/wp-json\/wp\/v2\/pages\/7466\/revisions"}],"wp:attachment":[{"href":"https:\/\/www.hobenool.eu\/en\/wp-json\/wp\/v2\/media?parent=7466"}],"curies":[{"name":"wp","href":"https:\/\/api.w.org\/{rel}","templated":true}]}}